{"id":50,"date":"2025-11-01T19:05:02","date_gmt":"2025-11-01T19:05:02","guid":{"rendered":"https:\/\/rojasleoabogados.pe\/?page_id=50"},"modified":"2025-12-06T11:54:11","modified_gmt":"2025-12-06T11:54:11","slug":"nosotros","status":"publish","type":"page","link":"https:\/\/rojasleoabogados.pe\/?page_id=50","title":{"rendered":"Nosotros"},"content":{"rendered":"\t\t<div data-elementor-type=\"wp-page\" data-elementor-id=\"50\" class=\"elementor elementor-50\">\n\t\t\t\t<div class=\"elementor-element elementor-element-1f4dfbb e-flex e-con-boxed e-con e-parent\" data-id=\"1f4dfbb\" data-element_type=\"container\" data-e-type=\"container\">\n\t\t\t\t\t<div class=\"e-con-inner\">\n\t\t\t\t<div class=\"elementor-element elementor-element-94402fe elementor-widget elementor-widget-text-editor\" data-id=\"94402fe\" data-element_type=\"widget\" data-e-type=\"widget\" data-widget_type=\"text-editor.default\">\n\t\t\t\t\t\t\t\t\t<p>Somos un Estudio de Abogados que brinda servicios especializados en diversas materias vinculadas al Derecho de la Competencia, Protecci\u00f3n al Consumidor, Competencia Desleal, Publicidad, Insolvencia, Barreras Burocr\u00e1ticas, Dumping, Propiedad Intelectual, Contrataci\u00f3n P\u00fablica y Derecho Penal.<\/p>\n<p>Nuestros abogados tienen experiencia en el seguimiento de procedimientos administrativos, procesos judiciales, procesos arbitrales y proceso penales en \u00e1reas del Derecho P\u00fablico y la Regulaci\u00f3n, el Derecho Empresarial y las sanciones administrativas, y el Derecho Penal; siempre con pleno apego a la \u00e9tica y los valores de la profesi\u00f3n legal.<\/p>\n<p>Defendemos la libertad de las personas naturales y jur\u00eddicas.<\/p>\t\t\t\t\t\t\t\t<\/div>\n\t\t\t\t\t<\/div>\n\t\t\t\t<\/div>\n\t\t<div class=\"elementor-element elementor-element-8f3144d e-flex e-con-boxed e-con e-parent\" data-id=\"8f3144d\" data-element_type=\"container\" data-e-type=\"container\">\n\t\t\t\t\t<div class=\"e-con-inner\">\n\t\t\t\t<div class=\"elementor-element elementor-element-97587db elementor-widget elementor-widget-heading\" data-id=\"97587db\" data-element_type=\"widget\" data-e-type=\"widget\" data-widget_type=\"heading.default\">\n\t\t\t\t\t<h2 class=\"elementor-heading-title elementor-size-default\">Nuestra Misi\u00f3n<\/h2>\t\t\t\t<\/div>\n\t\t\t\t<div class=\"elementor-element elementor-element-efc3796 elementor-widget elementor-widget-text-editor\" data-id=\"efc3796\" data-element_type=\"widget\" data-e-type=\"widget\" data-widget_type=\"text-editor.default\">\n\t\t\t\t\t\t\t\t\t<p>Ejercemos la profesi\u00f3n legal poniendo conocimientos al servicio de nuestros clientes. Somos emp\u00e1ticos con el generador de riqueza que en el ejercicio de su actividad econ\u00f3mica enfrenta obst\u00e1culos regulatorios, sanciones y problemas de contrataci\u00f3n. Asimismo, asumimos los problemas legales que agobian a las personas que acuden a nuestro servicio.<\/p><p>Nos caracterizamos por la cercan\u00eda al cliente, la respuesta estrat\u00e9gica a sus problemas, la reducci\u00f3n de los costos en los que tiene que incurrir, y todo ello con solvencia profesional.<\/p>\t\t\t\t\t\t\t\t<\/div>\n\t\t\t\t\t<\/div>\n\t\t\t\t<\/div>\n\t\t<div class=\"elementor-element elementor-element-3b612ad e-flex e-con-boxed e-con e-parent\" data-id=\"3b612ad\" data-element_type=\"container\" data-e-type=\"container\">\n\t\t\t\t\t<div class=\"e-con-inner\">\n\t\t\t\t<div class=\"elementor-element elementor-element-88d49dc elementor-widget elementor-widget-heading\" data-id=\"88d49dc\" data-element_type=\"widget\" data-e-type=\"widget\" data-widget_type=\"heading.default\">\n\t\t\t\t\t<h2 class=\"elementor-heading-title elementor-size-default\">Nuestra Visi\u00f3n<\/h2>\t\t\t\t<\/div>\n\t\t\t\t<div class=\"elementor-element elementor-element-9c470bf elementor-widget elementor-widget-text-editor\" data-id=\"9c470bf\" data-element_type=\"widget\" data-e-type=\"widget\" data-widget_type=\"text-editor.default\">\n\t\t\t\t\t\t\t\t\t<p>Aspiramos a la construcci\u00f3n de un mundo m\u00e1s justo. Nuestros abogados est\u00e1n comprometidos con la verdad y la \u00e9tica. La excelencia profesional es nuestra pr\u00e1ctica cotidiana.<\/p>\t\t\t\t\t\t\t\t<\/div>\n\t\t\t\t\t<\/div>\n\t\t\t\t<\/div>\n\t\t<div class=\"elementor-element elementor-element-2c27ecd e-flex e-con-boxed e-con e-parent\" data-id=\"2c27ecd\" data-element_type=\"container\" data-e-type=\"container\">\n\t\t\t\t\t<div class=\"e-con-inner\">\n\t\t\t\t<div class=\"elementor-element elementor-element-3d02120 elementor-align-center elementor-widget elementor-widget-button\" data-id=\"3d02120\" data-element_type=\"widget\" data-e-type=\"widget\" data-widget_type=\"button.default\">\n\t\t\t\t\t\t\t\t\t\t<a class=\"elementor-button elementor-button-link elementor-size-sm\" href=\"https:\/\/rojasleoabogados.pe\/?page_id=17\">\n\t\t\t\t\t\t<span class=\"elementor-button-content-wrapper\">\n\t\t\t\t\t\t\t\t\t<span class=\"elementor-button-text\">Agenda con nosotros<\/span>\n\t\t\t\t\t<\/span>\n\t\t\t\t\t<\/a>\n\t\t\t\t\t\t\t\t<\/div>\n\t\t\t\t\t<\/div>\n\t\t\t\t<\/div>\n\t\t\t\t<\/div>\n\t\t","protected":false},"excerpt":{"rendered":"<p>Somos un Estudio de Abogados que brinda servicios especializados en diversas materias vinculadas al Derecho de la Competencia, Protecci\u00f3n al Consumidor, Competencia Desleal, Publicidad, Insolvencia, Barreras Burocr\u00e1ticas, Dumping, Propiedad Intelectual, Contrataci\u00f3n P\u00fablica y Derecho Penal. Nuestros abogados tienen experiencia en el seguimiento de procedimientos administrativos, procesos judiciales, procesos arbitrales y proceso penales en \u00e1reas del [&hellip;]<\/p>\n","protected":false},"author":1,"featured_media":0,"parent":0,"menu_order":0,"comment_status":"closed","ping_status":"closed","template":"","meta":{"footnotes":""},"class_list":["post-50","page","type-page","status-publish","hentry"],"_links":{"self":[{"href":"https:\/\/rojasleoabogados.pe\/index.php?rest_route=\/wp\/v2\/pages\/50","targetHints":{"allow":["GET"]}}],"collection":[{"href":"https:\/\/rojasleoabogados.pe\/index.php?rest_route=\/wp\/v2\/pages"}],"about":[{"href":"https:\/\/rojasleoabogados.pe\/index.php?rest_route=\/wp\/v2\/types\/page"}],"author":[{"embeddable":true,"href":"https:\/\/rojasleoabogados.pe\/index.php?rest_route=\/wp\/v2\/users\/1"}],"replies":[{"embeddable":true,"href":"https:\/\/rojasleoabogados.pe\/index.php?rest_route=%2Fwp%2Fv2%2Fcomments&post=50"}],"version-history":[{"count":52,"href":"https:\/\/rojasleoabogados.pe\/index.php?rest_route=\/wp\/v2\/pages\/50\/revisions"}],"predecessor-version":[{"id":389,"href":"https:\/\/rojasleoabogados.pe\/index.php?rest_route=\/wp\/v2\/pages\/50\/revisions\/389"}],"wp:attachment":[{"href":"https:\/\/rojasleoabogados.pe\/index.php?rest_route=%2Fwp%2Fv2%2Fmedia&parent=50"}],"curies":[{"name":"wp","href":"https:\/\/api.w.org\/{rel}","templated":true}]}}