{"id":52,"date":"2025-11-01T19:05:30","date_gmt":"2025-11-01T19:05:30","guid":{"rendered":"https:\/\/rojasleoabogados.pe\/?page_id=52"},"modified":"2025-12-16T16:55:07","modified_gmt":"2025-12-16T16:55:07","slug":"equipo","status":"publish","type":"page","link":"https:\/\/rojasleoabogados.pe\/?page_id=52","title":{"rendered":"Equipo"},"content":{"rendered":"\t\t<div data-elementor-type=\"wp-page\" data-elementor-id=\"52\" class=\"elementor elementor-52\">\n\t\t\t\t<div class=\"elementor-element elementor-element-364f2a0 e-flex e-con-boxed e-con e-parent\" data-id=\"364f2a0\" data-element_type=\"container\" data-e-type=\"container\">\n\t\t\t\t\t<div class=\"e-con-inner\">\n\t\t\t\t<div class=\"elementor-element elementor-element-e1cdf58 elementor-widget elementor-widget-heading\" data-id=\"e1cdf58\" data-element_type=\"widget\" data-e-type=\"widget\" data-widget_type=\"heading.default\">\n\t\t\t\t\t<h2 class=\"elementor-heading-title elementor-size-default\">Nuestro Equipo<\/h2>\t\t\t\t<\/div>\n\t\t\t\t\t<\/div>\n\t\t\t\t<\/div>\n\t\t<div class=\"elementor-element elementor-element-0e4f908 e-grid e-con-boxed e-con e-parent\" data-id=\"0e4f908\" data-element_type=\"container\" data-e-type=\"container\">\n\t\t\t\t\t<div class=\"e-con-inner\">\n\t\t\t\t<div class=\"elementor-element elementor-element-4c5848f elementor-position-top elementor-widget elementor-widget-image-box\" data-id=\"4c5848f\" data-element_type=\"widget\" data-e-type=\"widget\" data-widget_type=\"image-box.default\">\n\t\t\t\t\t<div class=\"elementor-image-box-wrapper\"><figure class=\"elementor-image-box-img\"><img fetchpriority=\"high\" decoding=\"async\" width=\"768\" height=\"1152\" src=\"https:\/\/rojasleoabogados.pe\/wp-content\/uploads\/2025\/12\/JFR-foto-promocion-768x1152.jpg\" class=\"attachment-medium_large size-medium_large wp-image-407\" alt=\"\" srcset=\"https:\/\/rojasleoabogados.pe\/wp-content\/uploads\/2025\/12\/JFR-foto-promocion-768x1152.jpg 768w, https:\/\/rojasleoabogados.pe\/wp-content\/uploads\/2025\/12\/JFR-foto-promocion-200x300.jpg 200w, https:\/\/rojasleoabogados.pe\/wp-content\/uploads\/2025\/12\/JFR-foto-promocion-683x1024.jpg 683w, https:\/\/rojasleoabogados.pe\/wp-content\/uploads\/2025\/12\/JFR-foto-promocion-1024x1536.jpg 1024w, https:\/\/rojasleoabogados.pe\/wp-content\/uploads\/2025\/12\/JFR-foto-promocion.jpg 1280w\" sizes=\"(max-width: 768px) 100vw, 768px\" \/><\/figure><div class=\"elementor-image-box-content\"><h3 class=\"elementor-image-box-title\">Juan Francisco Rojas Leo<\/h3><p class=\"elementor-image-box-description\">Abogado por la Pontificia Universidad Cat\u00f3lica del Per\u00fa, especialista en Derecho P\u00fablico y con formaci\u00f3n adicional a nivel de maestr\u00eda en Derecho Constitucional. Tiene formaci\u00f3n adicional a nivel de posgrado en Derecho Penal.\n\nProfesor por m\u00e1s de veinticinco a\u00f1os en diversos temas de su especialidad en la Pontificia Universidad Cat\u00f3lica del Per\u00fa, Universidad de Lima y Universidad Nacional Mayor de San Marcos.\n\nConferencista nacional e internacional; miembro de importantes comisiones legislativas especializadas, director de empresas p\u00fablicas y privadas, director y gerente legal de equipos de profesionales en importantes empresas nacionales, perito y \u00e1rbitro en conflictos locales e internacionales, miembro de lista de prestigiosas c\u00e1maras arbitrales.  \n\nExpresidente del Tribunal de Defensa de la Competencia y de la Propiedad Intelectual del INDECOPI. <\/p><\/div><\/div>\t\t\t\t<\/div>\n\t\t\t\t<div class=\"elementor-element elementor-element-cf0fa8a elementor-position-top elementor-widget elementor-widget-image-box\" data-id=\"cf0fa8a\" data-element_type=\"widget\" data-e-type=\"widget\" data-widget_type=\"image-box.default\">\n\t\t\t\t\t<div class=\"elementor-image-box-wrapper\"><figure class=\"elementor-image-box-img\"><img decoding=\"async\" width=\"768\" height=\"989\" src=\"https:\/\/rojasleoabogados.pe\/wp-content\/uploads\/2025\/11\/Captura-de-pantalla-2025-11-25-a-las-1.29.25-p.-m-768x989.png\" class=\"attachment-medium_large size-medium_large wp-image-297\" alt=\"\" srcset=\"https:\/\/rojasleoabogados.pe\/wp-content\/uploads\/2025\/11\/Captura-de-pantalla-2025-11-25-a-las-1.29.25-p.-m-768x989.png 768w, https:\/\/rojasleoabogados.pe\/wp-content\/uploads\/2025\/11\/Captura-de-pantalla-2025-11-25-a-las-1.29.25-p.-m-233x300.png 233w, https:\/\/rojasleoabogados.pe\/wp-content\/uploads\/2025\/11\/Captura-de-pantalla-2025-11-25-a-las-1.29.25-p.-m-795x1024.png 795w, https:\/\/rojasleoabogados.pe\/wp-content\/uploads\/2025\/11\/Captura-de-pantalla-2025-11-25-a-las-1.29.25-p.-m.png 862w\" sizes=\"(max-width: 768px) 100vw, 768px\" \/><\/figure><div class=\"elementor-image-box-content\"><h3 class=\"elementor-image-box-title\">Humberto D\u00edaz Purizaca<\/h3><p class=\"elementor-image-box-description\">Abogado formado y titulado en la pontifica Universidad Cat\u00f3lica del Per\u00fa, experto en asesoria empresarial corporativa, en el \u00e1mbito societario, administrativo y de la competencia; asi como el diagn\u00f3stico y seguimiento de Procesos Judiciales en materia comercial, civil. y contencioso administrativo. Conocimiento especializado en Protecci\u00f3n al Consumidor y Propiedad Intelectual.<\/p><\/div><\/div>\t\t\t\t<\/div>\n\t\t\t\t<div class=\"elementor-element elementor-element-8568915 elementor-position-top elementor-widget elementor-widget-image-box\" data-id=\"8568915\" data-element_type=\"widget\" data-e-type=\"widget\" data-widget_type=\"image-box.default\">\n\t\t\t\t\t<div class=\"elementor-image-box-wrapper\"><figure class=\"elementor-image-box-img\"><img decoding=\"async\" width=\"768\" height=\"1366\" src=\"https:\/\/rojasleoabogados.pe\/wp-content\/uploads\/2025\/11\/Captura-de-pantalla-2025-11-25-a-las-1.30.22-p.-m-768x1366.png\" class=\"attachment-medium_large size-medium_large wp-image-298\" alt=\"\" srcset=\"https:\/\/rojasleoabogados.pe\/wp-content\/uploads\/2025\/11\/Captura-de-pantalla-2025-11-25-a-las-1.30.22-p.-m-768x1366.png 768w, https:\/\/rojasleoabogados.pe\/wp-content\/uploads\/2025\/11\/Captura-de-pantalla-2025-11-25-a-las-1.30.22-p.-m-169x300.png 169w, https:\/\/rojasleoabogados.pe\/wp-content\/uploads\/2025\/11\/Captura-de-pantalla-2025-11-25-a-las-1.30.22-p.-m-576x1024.png 576w, https:\/\/rojasleoabogados.pe\/wp-content\/uploads\/2025\/11\/Captura-de-pantalla-2025-11-25-a-las-1.30.22-p.-m-863x1536.png 863w, https:\/\/rojasleoabogados.pe\/wp-content\/uploads\/2025\/11\/Captura-de-pantalla-2025-11-25-a-las-1.30.22-p.-m.png 996w\" sizes=\"(max-width: 768px) 100vw, 768px\" \/><\/figure><div class=\"elementor-image-box-content\"><h3 class=\"elementor-image-box-title\">Andrea de Jes\u00fas Lin\u00e1rez Jarufe<\/h3><p class=\"elementor-image-box-description\">Abogada formada en la Universidad Inca Garcilaso de la Vega. Experta en Propiedad Intelectual y Sociedades de Gesti\u00f3n Colectiva. Tiene formaci\u00f3n en Derecho Penal y en la defensa de los derechos de los imputados en procesos penales. Gracias a su formaci\u00f3n especializada en temas de Gesti\u00f3n P\u00fablica y Derecho de la Competencia, ha podido desarrollar habilidades en la elaboraci\u00f3n de pol\u00edticas de mitigaci\u00f3n de riesgos, particularmente vinculadas a la administraci\u00f3n p\u00fablica y el riesgo penal.<\/p><\/div><\/div>\t\t\t\t<\/div>\n\t\t\t\t<div class=\"elementor-element elementor-element-8831c6a elementor-position-top elementor-widget elementor-widget-image-box\" data-id=\"8831c6a\" data-element_type=\"widget\" data-e-type=\"widget\" data-widget_type=\"image-box.default\">\n\t\t\t\t\t<div class=\"elementor-image-box-wrapper\"><figure class=\"elementor-image-box-img\"><img loading=\"lazy\" decoding=\"async\" width=\"768\" height=\"1052\" src=\"https:\/\/rojasleoabogados.pe\/wp-content\/uploads\/2025\/11\/Keissi-Chavarria-768x1052.jpg\" class=\"attachment-medium_large size-medium_large wp-image-193\" alt=\"\" srcset=\"https:\/\/rojasleoabogados.pe\/wp-content\/uploads\/2025\/11\/Keissi-Chavarria-768x1052.jpg 768w, https:\/\/rojasleoabogados.pe\/wp-content\/uploads\/2025\/11\/Keissi-Chavarria-219x300.jpg 219w, https:\/\/rojasleoabogados.pe\/wp-content\/uploads\/2025\/11\/Keissi-Chavarria-747x1024.jpg 747w, https:\/\/rojasleoabogados.pe\/wp-content\/uploads\/2025\/11\/Keissi-Chavarria.jpg 864w\" sizes=\"(max-width: 768px) 100vw, 768px\" \/><\/figure><div class=\"elementor-image-box-content\"><h3 class=\"elementor-image-box-title\">Keissi Chavarri\u0301a S\u00e1nchez<\/h3><p class=\"elementor-image-box-description\">Profesional en Derecho formada en la Universidad San Mart\u00edn de Porres y con especializaci\u00f3n en Derecho de la Protecci\u00f3n al Consumidor y de la Propiedad Intelectual. \nExperiencia profesional en la asesor\u00eda de empresas del sector financiero, y en la elaboraci\u00f3n de estrategias de negociaci\u00f3n en los \u00e1mbitos de su especialidad, incluida la competencia desleal.<\/p><\/div><\/div>\t\t\t\t<\/div>\n\t\t\t\t<div class=\"elementor-element elementor-element-73b1410 elementor-position-top elementor-widget elementor-widget-image-box\" data-id=\"73b1410\" data-element_type=\"widget\" data-e-type=\"widget\" data-widget_type=\"image-box.default\">\n\t\t\t\t\t<div class=\"elementor-image-box-wrapper\"><figure class=\"elementor-image-box-img\"><img loading=\"lazy\" decoding=\"async\" width=\"427\" height=\"585\" src=\"https:\/\/rojasleoabogados.pe\/wp-content\/uploads\/2025\/11\/Stefany-Loyola.jpg\" class=\"attachment-medium_large size-medium_large wp-image-291\" alt=\"\" srcset=\"https:\/\/rojasleoabogados.pe\/wp-content\/uploads\/2025\/11\/Stefany-Loyola.jpg 427w, https:\/\/rojasleoabogados.pe\/wp-content\/uploads\/2025\/11\/Stefany-Loyola-219x300.jpg 219w\" sizes=\"(max-width: 427px) 100vw, 427px\" \/><\/figure><div class=\"elementor-image-box-content\"><h3 class=\"elementor-image-box-title\">Stefany Lizeth Loyola Ochoa<\/h3><p class=\"elementor-image-box-description\">Abogada formada y titulada en la Universidad Inca Garcilaso de la Vega y con especializaci\u00f3n en Derecho de la Protecci\u00f3n al Consumidor. \n\nExperiencia profesional en la asesor\u00eda de empresas del sector financiero, a\u00e9reo y en la elaboraci\u00f3n de estrategias de negociaci\u00f3n en los \u00e1mbitos de su especialidad. \n\nHa prestado servicios en la administraci\u00f3n p\u00fablica local en la gesti\u00f3n de procedimientos administrativos y procesos judiciales.\n<\/p><\/div><\/div>\t\t\t\t<\/div>\n\t\t\t\t<div class=\"elementor-element elementor-element-69f4eff elementor-position-top elementor-widget elementor-widget-image-box\" data-id=\"69f4eff\" data-element_type=\"widget\" data-e-type=\"widget\" data-widget_type=\"image-box.default\">\n\t\t\t\t\t<div class=\"elementor-image-box-wrapper\"><figure class=\"elementor-image-box-img\"><img loading=\"lazy\" decoding=\"async\" width=\"240\" height=\"288\" src=\"https:\/\/rojasleoabogados.pe\/wp-content\/uploads\/2025\/11\/Giselle-Thomas.jpg\" class=\"attachment-medium_large size-medium_large wp-image-290\" alt=\"\" \/><\/figure><div class=\"elementor-image-box-content\"><h3 class=\"elementor-image-box-title\">Giselle Julieta Thomas Romero de Dunand<\/h3><p class=\"elementor-image-box-description\">Profesional en Derecho formada por la Universidad de Lima y con especializaci\u00f3n en Derecho de la Protecci\u00f3n al Consumidor.\nCon experiencia en elaboraci\u00f3n de pol\u00edticas y planes de mitigaci\u00f3n del riesgo(cumplimiento normativo), en temas de planeamiento tributario y control gubernamental.\n<\/p><\/div><\/div>\t\t\t\t<\/div>\n\t\t\t\t\t<\/div>\n\t\t\t\t<\/div>\n\t\t<div class=\"elementor-element elementor-element-a256b18 e-flex e-con-boxed e-con e-parent\" data-id=\"a256b18\" data-element_type=\"container\" data-e-type=\"container\">\n\t\t\t\t\t<div class=\"e-con-inner\">\n\t\t\t\t<div class=\"elementor-element elementor-element-553bb9c elementor-widget-divider--view-line elementor-widget elementor-widget-divider\" data-id=\"553bb9c\" data-element_type=\"widget\" data-e-type=\"widget\" data-widget_type=\"divider.default\">\n\t\t\t\t\t\t\t<div class=\"elementor-divider\">\n\t\t\t<span class=\"elementor-divider-separator\">\n\t\t\t\t\t\t<\/span>\n\t\t<\/div>\n\t\t\t\t\t\t<\/div>\n\t\t\t\t\t<\/div>\n\t\t\t\t<\/div>\n\t\t<div class=\"elementor-element elementor-element-ffcf8be e-flex e-con-boxed e-con e-parent\" data-id=\"ffcf8be\" data-element_type=\"container\" data-e-type=\"container\">\n\t\t\t\t\t<div class=\"e-con-inner\">\n\t\t\t\t<div class=\"elementor-element elementor-element-89c4d6a elementor-widget-divider--view-line elementor-widget elementor-widget-divider\" data-id=\"89c4d6a\" data-element_type=\"widget\" data-e-type=\"widget\" data-widget_type=\"divider.default\">\n\t\t\t\t\t\t\t<div class=\"elementor-divider\">\n\t\t\t<span class=\"elementor-divider-separator\">\n\t\t\t\t\t\t<\/span>\n\t\t<\/div>\n\t\t\t\t\t\t<\/div>\n\t\t\t\t\t<\/div>\n\t\t\t\t<\/div>\n\t\t<div class=\"elementor-element elementor-element-ddd1e95 e-flex e-con-boxed e-con e-parent\" data-id=\"ddd1e95\" data-element_type=\"container\" data-e-type=\"container\">\n\t\t\t\t\t<div class=\"e-con-inner\">\n\t\t\t\t<div class=\"elementor-element elementor-element-5e6e3c3 elementor-widget elementor-widget-heading\" data-id=\"5e6e3c3\" data-element_type=\"widget\" data-e-type=\"widget\" data-widget_type=\"heading.default\">\n\t\t\t\t\t<h2 class=\"elementor-heading-title elementor-size-default\">Practicantes en Derecho<\/h2>\t\t\t\t<\/div>\n\t\t\t\t<div class=\"elementor-element elementor-element-f8b2371 elementor-widget elementor-widget-text-editor\" data-id=\"f8b2371\" data-element_type=\"widget\" data-e-type=\"widget\" data-widget_type=\"text-editor.default\">\n\t\t\t\t\t\t\t\t\t<p>Contamos para labores de apoyo legal con un equipo de estudiantes de Derecho provenientes de diversas universidades, p\u00fablicas y privadas; seleccionados por sus conocimientos y sentido de la responsabilidad. Estos estudiantes destacan por sus rendimientos acad\u00e9micos, habilidades de escritura y verbales, y por su compromiso con los valores de la profesi\u00f3n y del Estudio.<\/p><p>Durante su permanencia en el Estudio son formados en el trabajo en equipo, el compromiso con los problemas de los clientes, y diversas materias jur\u00eddicas.<\/p>\t\t\t\t\t\t\t\t<\/div>\n\t\t\t\t\t<\/div>\n\t\t\t\t<\/div>\n\t\t<div class=\"elementor-element elementor-element-4616820 e-flex e-con-boxed e-con e-parent\" data-id=\"4616820\" data-element_type=\"container\" data-e-type=\"container\">\n\t\t\t\t\t<div class=\"e-con-inner\">\n\t\t\t\t<div class=\"elementor-element elementor-element-a0767d4 elementor-widget elementor-widget-image\" data-id=\"a0767d4\" data-element_type=\"widget\" data-e-type=\"widget\" data-widget_type=\"image.default\">\n\t\t\t\t\t\t\t\t\t\t\t\t<figure class=\"wp-caption\">\n\t\t\t\t\t\t\t\t\t\t<img loading=\"lazy\" decoding=\"async\" width=\"300\" height=\"225\" src=\"https:\/\/rojasleoabogados.pe\/wp-content\/uploads\/2025\/12\/WhatsApp-Image-2025-12-03-at-7.54.23-PM-300x225.jpeg\" class=\"attachment-medium size-medium wp-image-374\" alt=\"\" srcset=\"https:\/\/rojasleoabogados.pe\/wp-content\/uploads\/2025\/12\/WhatsApp-Image-2025-12-03-at-7.54.23-PM-300x225.jpeg 300w, https:\/\/rojasleoabogados.pe\/wp-content\/uploads\/2025\/12\/WhatsApp-Image-2025-12-03-at-7.54.23-PM-1024x768.jpeg 1024w, https:\/\/rojasleoabogados.pe\/wp-content\/uploads\/2025\/12\/WhatsApp-Image-2025-12-03-at-7.54.23-PM-768x576.jpeg 768w, https:\/\/rojasleoabogados.pe\/wp-content\/uploads\/2025\/12\/WhatsApp-Image-2025-12-03-at-7.54.23-PM.jpeg 1280w\" sizes=\"(max-width: 300px) 100vw, 300px\" \/>\t\t\t\t\t\t\t\t\t\t\t<figcaption class=\"widget-image-caption wp-caption-text\"><\/figcaption>\n\t\t\t\t\t\t\t\t\t\t<\/figure>\n\t\t\t\t\t\t\t\t\t<\/div>\n\t\t\t\t\t<\/div>\n\t\t\t\t<\/div>\n\t\t\t\t<\/div>\n\t\t","protected":false},"excerpt":{"rendered":"<p>Nuestro Equipo Juan Francisco Rojas Leo Abogado por la Pontificia Universidad Cat\u00f3lica del Per\u00fa, especialista en Derecho P\u00fablico y con formaci\u00f3n adicional a nivel de maestr\u00eda en Derecho Constitucional. Tiene formaci\u00f3n adicional a nivel de posgrado en Derecho Penal. Profesor por m\u00e1s de veinticinco a\u00f1os en diversos temas de su especialidad en la Pontificia Universidad [&hellip;]<\/p>\n","protected":false},"author":1,"featured_media":0,"parent":0,"menu_order":0,"comment_status":"closed","ping_status":"closed","template":"","meta":{"footnotes":""},"class_list":["post-52","page","type-page","status-publish","hentry"],"_links":{"self":[{"href":"https:\/\/rojasleoabogados.pe\/index.php?rest_route=\/wp\/v2\/pages\/52","targetHints":{"allow":["GET"]}}],"collection":[{"href":"https:\/\/rojasleoabogados.pe\/index.php?rest_route=\/wp\/v2\/pages"}],"about":[{"href":"https:\/\/rojasleoabogados.pe\/index.php?rest_route=\/wp\/v2\/types\/page"}],"author":[{"embeddable":true,"href":"https:\/\/rojasleoabogados.pe\/index.php?rest_route=\/wp\/v2\/users\/1"}],"replies":[{"embeddable":true,"href":"https:\/\/rojasleoabogados.pe\/index.php?rest_route=%2Fwp%2Fv2%2Fcomments&post=52"}],"version-history":[{"count":61,"href":"https:\/\/rojasleoabogados.pe\/index.php?rest_route=\/wp\/v2\/pages\/52\/revisions"}],"predecessor-version":[{"id":424,"href":"https:\/\/rojasleoabogados.pe\/index.php?rest_route=\/wp\/v2\/pages\/52\/revisions\/424"}],"wp:attachment":[{"href":"https:\/\/rojasleoabogados.pe\/index.php?rest_route=%2Fwp%2Fv2%2Fmedia&parent=52"}],"curies":[{"name":"wp","href":"https:\/\/api.w.org\/{rel}","templated":true}]}}