{"id":54,"date":"2025-11-01T19:05:45","date_gmt":"2025-11-01T19:05:45","guid":{"rendered":"https:\/\/rojasleoabogados.pe\/?page_id=54"},"modified":"2025-12-16T16:53:01","modified_gmt":"2025-12-16T16:53:01","slug":"servicios","status":"publish","type":"page","link":"https:\/\/rojasleoabogados.pe\/?page_id=54","title":{"rendered":"Servicios"},"content":{"rendered":"\t\t<div data-elementor-type=\"wp-page\" data-elementor-id=\"54\" class=\"elementor elementor-54\">\n\t\t\t\t<div class=\"elementor-element elementor-element-2715f64 e-flex e-con-boxed e-con e-parent\" data-id=\"2715f64\" data-element_type=\"container\" data-e-type=\"container\">\n\t\t\t\t\t<div class=\"e-con-inner\">\n\t\t\t\t<div class=\"elementor-element elementor-element-9f424c1 elementor-widget elementor-widget-heading\" data-id=\"9f424c1\" data-element_type=\"widget\" data-e-type=\"widget\" data-widget_type=\"heading.default\">\n\t\t\t\t\t<h2 class=\"elementor-heading-title elementor-size-default\">Nuestros Clientes<\/h2>\t\t\t\t<\/div>\n\t\t\t\t\t<\/div>\n\t\t\t\t<\/div>\n\t\t<div class=\"elementor-element elementor-element-786fe34 e-flex e-con-boxed e-con e-parent\" data-id=\"786fe34\" data-element_type=\"container\" data-e-type=\"container\">\n\t\t\t\t\t<div class=\"e-con-inner\">\n\t\t\t\t<div class=\"elementor-element elementor-element-9698bdf elementor-widget elementor-widget-text-editor\" data-id=\"9698bdf\" data-element_type=\"widget\" data-e-type=\"widget\" data-widget_type=\"text-editor.default\">\n\t\t\t\t\t\t\t\t\t<p>Empresas p\u00fablicas y privadas de reconocido prestigio y de diversas \u00e1reas de la industria, el comercio y los servicios nos han confiado sus casos m\u00e1s importantes. Tambi\u00e9n somos opci\u00f3n de personas naturales en problemas de \u00edndole patrimonial, familiar y penal.<\/p><p>Nuestra relaci\u00f3n con los clientes no se difunde por reserva de la informaci\u00f3n.<\/p>\t\t\t\t\t\t\t\t<\/div>\n\t\t\t\t\t<\/div>\n\t\t\t\t<\/div>\n\t\t<div class=\"elementor-element elementor-element-152f00d e-flex e-con-boxed e-con e-parent\" data-id=\"152f00d\" data-element_type=\"container\" data-e-type=\"container\">\n\t\t\t\t\t<div class=\"e-con-inner\">\n\t\t\t\t<div class=\"elementor-element elementor-element-3a0dce2 elementor-widget elementor-widget-heading\" data-id=\"3a0dce2\" data-element_type=\"widget\" data-e-type=\"widget\" data-widget_type=\"heading.default\">\n\t\t\t\t\t<h2 class=\"elementor-heading-title elementor-size-default\">Especialidades<\/h2>\t\t\t\t<\/div>\n\t\t\t\t\t<\/div>\n\t\t\t\t<\/div>\n\t\t<div class=\"elementor-element elementor-element-cfd3595 e-flex e-con-boxed e-con e-parent\" data-id=\"cfd3595\" data-element_type=\"container\" data-e-type=\"container\">\n\t\t\t\t\t<div class=\"e-con-inner\">\n\t\t\t\t<div class=\"elementor-element elementor-element-5201b18 elementor-widget elementor-widget-text-editor\" data-id=\"5201b18\" data-element_type=\"widget\" data-e-type=\"widget\" data-widget_type=\"text-editor.default\">\n\t\t\t\t\t\t\t\t\t<p><u>Derecho de la Competencia:<\/u><\/p><p>Conocemos a la perfecci\u00f3n los tipos infractores previstos en la ley, el procedimiento sancionador, y los criterios de la autoridad. Estamos en condiciones de encontrar las debilidades que otros no ven en el respeto al debido proceso.<\/p><p><u>Derecho de la Protecci\u00f3n del Consumidor<\/u><\/p><p>Hemos participado en la elaboraci\u00f3n de la norma y somos capaces de ponderar los hechos en busca de un resultado justo al rol de cada uno de los intervinientes, como proveedor de bienes y servicios, o como consumidor de estos.<\/p><p><u>Derecho de la Publicidad<\/u><\/p><p>Tenemos la lectura precisa de la actividad publicitaria y sus riesgos en el mercado. Estamos capacitados para organizar cualquier campa\u00f1a, evitando contingencias legales.<\/p><p><u>Derecho Concursal (Reestructuraci\u00f3n Empresarial)<\/u><\/p><p>Fuimos parte del equipo que present\u00f3 el proyecto de la norma vigente y conocemos la crisis empresarial y sus consecuencias. Atendemos la necesidad tanto de acreedores como de deudores.<\/p><p>Conocemos el sector financiero y sus productos para poder generar alternativas de soluci\u00f3n.<\/p><p><u>Derecho Administrativo<\/u><\/p><p>Nos especializamos en la materia. Esto nos permite gestionar todo tipo de procedimiento de autorizaci\u00f3n, licencia o permiso; conocemos de asociaciones p\u00fablico-privadas; contrataci\u00f3n estatal; y concesiones. Asimismo, estamos en condiciones de apoyar las reclamaciones por barreras burocr\u00e1ticas y toda clase de actividad de fiscalizaci\u00f3n de la administraci\u00f3n p\u00fablica. Gestionamos intereses de nuestros clientes en actividades econ\u00f3micas en miner\u00eda, petr\u00f3leo, energ\u00eda y pesca. Estamos en constante actividad en puertos.\u00a0<\/p><p><u>Derecho Penal<\/u><\/p><p>Defendemos la libertad de las personas. Estamos especializados en la defensa de funcionarios p\u00fablicos acusados por el desempe\u00f1o de sus funciones. Conocemos la forma de atender acusaciones de negligencia m\u00e9dica y contra la administraci\u00f3n p\u00fablica.<\/p>\t\t\t\t\t\t\t\t<\/div>\n\t\t\t\t\t<\/div>\n\t\t\t\t<\/div>\n\t\t<div class=\"elementor-element elementor-element-e0ada81 e-flex e-con-boxed e-con e-parent\" data-id=\"e0ada81\" data-element_type=\"container\" data-e-type=\"container\">\n\t\t\t\t\t<div class=\"e-con-inner\">\n\t\t\t\t<div class=\"elementor-element elementor-element-bf6e047 elementor-widget elementor-widget-heading\" data-id=\"bf6e047\" data-element_type=\"widget\" data-e-type=\"widget\" data-widget_type=\"heading.default\">\n\t\t\t\t\t<h2 class=\"elementor-heading-title elementor-size-default\">Arbitrajes Nacionales e Internacionales<\/h2>\t\t\t\t<\/div>\n\t\t\t\t\t<\/div>\n\t\t\t\t<\/div>\n\t\t<div class=\"elementor-element elementor-element-3f754b5 e-flex e-con-boxed e-con e-parent\" data-id=\"3f754b5\" data-element_type=\"container\" data-e-type=\"container\">\n\t\t\t\t\t<div class=\"e-con-inner\">\n\t\t\t\t<div class=\"elementor-element elementor-element-74b6dc0 elementor-widget elementor-widget-text-editor\" data-id=\"74b6dc0\" data-element_type=\"widget\" data-e-type=\"widget\" data-widget_type=\"text-editor.default\">\n\t\t\t\t\t\t\t\t\t<p>Integramos las listas arbitrales desde su fundaci\u00f3n en la C\u00e1mara de Comercio de Lima y del Centro de Arbitraje de la Pontificia Universidad Cat\u00f3lica del Per\u00fa. Adicionalmente, en el Centro del Colegio de Abogado de Lima.<\/p><p>Hemos intervenido profesionalmente en gran cantidad de casos arbitrales nacionales y hemos peritado para varios arbitrajes internacionales.<\/p><p>Nuestra neutralidad en el sistema arbitral es reconocida.<\/p>\t\t\t\t\t\t\t\t<\/div>\n\t\t\t\t\t<\/div>\n\t\t\t\t<\/div>\n\t\t<div class=\"elementor-element elementor-element-220c88e e-flex e-con-boxed e-con e-parent\" data-id=\"220c88e\" data-element_type=\"container\" data-e-type=\"container\">\n\t\t\t\t\t<div class=\"e-con-inner\">\n\t\t<div class=\"elementor-element elementor-element-d986094 e-con-full e-flex e-con e-child\" data-id=\"d986094\" data-element_type=\"container\" data-e-type=\"container\">\n\t\t\t\t<div class=\"elementor-element elementor-element-821e2b6 elementor-widget elementor-widget-image\" data-id=\"821e2b6\" data-element_type=\"widget\" data-e-type=\"widget\" data-widget_type=\"image.default\">\n\t\t\t\t\t\t\t\t\t\t\t\t\t\t\t<img fetchpriority=\"high\" decoding=\"async\" width=\"708\" height=\"351\" src=\"https:\/\/rojasleoabogados.pe\/wp-content\/uploads\/2025\/11\/arbitraje2-1.webp\" class=\"attachment-large size-large wp-image-230\" alt=\"\" srcset=\"https:\/\/rojasleoabogados.pe\/wp-content\/uploads\/2025\/11\/arbitraje2-1.webp 708w, https:\/\/rojasleoabogados.pe\/wp-content\/uploads\/2025\/11\/arbitraje2-1-300x149.webp 300w\" sizes=\"(max-width: 708px) 100vw, 708px\" \/>\t\t\t\t\t\t\t\t\t\t\t\t\t\t\t<\/div>\n\t\t\t\t<\/div>\n\t\t<div class=\"elementor-element elementor-element-92fe48d e-con-full e-flex e-con e-child\" data-id=\"92fe48d\" data-element_type=\"container\" data-e-type=\"container\">\n\t\t\t\t<div class=\"elementor-element elementor-element-3688cf7 elementor-widget elementor-widget-image\" data-id=\"3688cf7\" data-element_type=\"widget\" data-e-type=\"widget\" data-widget_type=\"image.default\">\n\t\t\t\t\t\t\t\t\t\t\t\t\t\t\t<img decoding=\"async\" width=\"800\" height=\"318\" src=\"https:\/\/rojasleoabogados.pe\/wp-content\/uploads\/2025\/11\/Captura-de-pantalla-2025-11-10-a-las-9.01.13-a.-m-1024x407.png\" class=\"attachment-large size-large wp-image-233\" alt=\"\" srcset=\"https:\/\/rojasleoabogados.pe\/wp-content\/uploads\/2025\/11\/Captura-de-pantalla-2025-11-10-a-las-9.01.13-a.-m-1024x407.png 1024w, https:\/\/rojasleoabogados.pe\/wp-content\/uploads\/2025\/11\/Captura-de-pantalla-2025-11-10-a-las-9.01.13-a.-m-300x119.png 300w, https:\/\/rojasleoabogados.pe\/wp-content\/uploads\/2025\/11\/Captura-de-pantalla-2025-11-10-a-las-9.01.13-a.-m-768x305.png 768w, https:\/\/rojasleoabogados.pe\/wp-content\/uploads\/2025\/11\/Captura-de-pantalla-2025-11-10-a-las-9.01.13-a.-m.png 1434w\" sizes=\"(max-width: 800px) 100vw, 800px\" \/>\t\t\t\t\t\t\t\t\t\t\t\t\t\t\t<\/div>\n\t\t\t\t<\/div>\n\t\t\t\t\t<\/div>\n\t\t\t\t<\/div>\n\t\t<div class=\"elementor-element elementor-element-66b67cb e-flex e-con-boxed e-con e-parent\" data-id=\"66b67cb\" data-element_type=\"container\" data-e-type=\"container\">\n\t\t\t\t\t<div class=\"e-con-inner\">\n\t\t\t\t<div class=\"elementor-element elementor-element-01b90ee elementor-align-center elementor-widget elementor-widget-button\" data-id=\"01b90ee\" data-element_type=\"widget\" data-e-type=\"widget\" data-widget_type=\"button.default\">\n\t\t\t\t\t\t\t\t\t\t<a class=\"elementor-button elementor-button-link elementor-size-sm\" href=\"https:\/\/rojasleoabogados.pe\/?page_id=17\">\n\t\t\t\t\t\t<span class=\"elementor-button-content-wrapper\">\n\t\t\t\t\t\t\t\t\t<span class=\"elementor-button-text\">Agenda con nosotros<\/span>\n\t\t\t\t\t<\/span>\n\t\t\t\t\t<\/a>\n\t\t\t\t\t\t\t\t<\/div>\n\t\t\t\t\t<\/div>\n\t\t\t\t<\/div>\n\t\t\t\t<\/div>\n\t\t","protected":false},"excerpt":{"rendered":"<p>Nuestros Clientes Empresas p\u00fablicas y privadas de reconocido prestigio y de diversas \u00e1reas de la industria, el comercio y los servicios nos han confiado sus casos m\u00e1s importantes. Tambi\u00e9n somos opci\u00f3n de personas naturales en problemas de \u00edndole patrimonial, familiar y penal. Nuestra relaci\u00f3n con los clientes no se difunde por reserva de la informaci\u00f3n. [&hellip;]<\/p>\n","protected":false},"author":1,"featured_media":0,"parent":0,"menu_order":0,"comment_status":"closed","ping_status":"closed","template":"","meta":{"footnotes":""},"class_list":["post-54","page","type-page","status-publish","hentry"],"_links":{"self":[{"href":"https:\/\/rojasleoabogados.pe\/index.php?rest_route=\/wp\/v2\/pages\/54","targetHints":{"allow":["GET"]}}],"collection":[{"href":"https:\/\/rojasleoabogados.pe\/index.php?rest_route=\/wp\/v2\/pages"}],"about":[{"href":"https:\/\/rojasleoabogados.pe\/index.php?rest_route=\/wp\/v2\/types\/page"}],"author":[{"embeddable":true,"href":"https:\/\/rojasleoabogados.pe\/index.php?rest_route=\/wp\/v2\/users\/1"}],"replies":[{"embeddable":true,"href":"https:\/\/rojasleoabogados.pe\/index.php?rest_route=%2Fwp%2Fv2%2Fcomments&post=54"}],"version-history":[{"count":31,"href":"https:\/\/rojasleoabogados.pe\/index.php?rest_route=\/wp\/v2\/pages\/54\/revisions"}],"predecessor-version":[{"id":421,"href":"https:\/\/rojasleoabogados.pe\/index.php?rest_route=\/wp\/v2\/pages\/54\/revisions\/421"}],"wp:attachment":[{"href":"https:\/\/rojasleoabogados.pe\/index.php?rest_route=%2Fwp%2Fv2%2Fmedia&parent=54"}],"curies":[{"name":"wp","href":"https:\/\/api.w.org\/{rel}","templated":true}]}}